{"id":627,"date":"2024-12-09T13:49:03","date_gmt":"2024-12-09T12:49:03","guid":{"rendered":"https:\/\/ekineisis.fr\/?page_id=627"},"modified":"2025-06-02T16:10:57","modified_gmt":"2025-06-02T14:10:57","slug":"mes-tarifs","status":"publish","type":"page","link":"https:\/\/ekineisis.fr\/index.php\/mes-tarifs\/","title":{"rendered":"Mes tarifs"},"content":{"rendered":"<p>[et_pb_section fb_built=\u00a0\u00bb1&Prime; next_background_color=\u00a0\u00bb#f7f2ed\u00a0\u00bb _builder_version=\u00a0\u00bb4.27.0&Prime; background_color=\u00a0\u00bb#7F6A93&Prime; background_enable_image=\u00a0\u00bboff\u00a0\u00bb custom_margin=\u00a0\u00bb||||false\u00a0\u00bb custom_padding=\u00a0\u00bb0vw||4vw||false|\u00a0\u00bb bottom_divider_style=\u00a0\u00bbcurve\u00a0\u00bb bottom_divider_height=\u00a0\u00bb2.5vw\u00a0\u00bb global_colors_info=\u00a0\u00bb{}\u00a0\u00bb][et_pb_row _builder_version=\u00a0\u00bb4.27.0&Prime; custom_padding=\u00a0\u00bb56px|||||\u00a0\u00bb animation_style=\u00a0\u00bbfade\u00a0\u00bb global_colors_info=\u00a0\u00bb{}\u00a0\u00bb][et_pb_column type=\u00a0\u00bb4_4&Prime; _builder_version=\u00a0\u00bb4.16&Prime; custom_padding=\u00a0\u00bb|||\u00a0\u00bb global_colors_info=\u00a0\u00bb{}\u00a0\u00bb custom_padding__hover=\u00a0\u00bb|||\u00a0\u00bb][et_pb_text _builder_version=\u00a0\u00bb4.27.0&Prime; text_font=\u00a0\u00bb||||||||\u00a0\u00bb text_text_color=\u00a0\u00bbRGBA(255,255,255,0)\u00a0\u00bb text_font_size=\u00a0\u00bb18px\u00a0\u00bb text_line_height=\u00a0\u00bb2em\u00a0\u00bb header_font=\u00a0\u00bbMontserrat|600|||||||\u00a0\u00bb header_text_color=\u00a0\u00bb#F7E9E9&Prime; header_font_size=\u00a0\u00bb50px\u00a0\u00bb header_line_height=\u00a0\u00bb1.4em\u00a0\u00bb text_orientation=\u00a0\u00bbcenter\u00a0\u00bb background_layout=\u00a0\u00bbdark\u00a0\u00bb max_width=\u00a0\u00bb700px\u00a0\u00bb module_alignment=\u00a0\u00bbcenter\u00a0\u00bb custom_margin=\u00a0\u00bb-1px||||false|false\u00a0\u00bb header_font_size_tablet=\u00a0\u00bb40px\u00a0\u00bb header_font_size_phone=\u00a0\u00bb32px\u00a0\u00bb header_font_size_last_edited=\u00a0\u00bbon|desktop\u00a0\u00bb header_text_shadow_style=\u00a0\u00bbpreset2&Prime; global_colors_info=\u00a0\u00bb{}\u00a0\u00bb]<\/p>\n<h1>Mes tarifs<\/h1>\n<p>Vestibulum ac diam sit amet quam vehicula elementum sed sit amet dui.<\/p>\n<p>[\/et_pb_text][\/et_pb_column][\/et_pb_row][\/et_pb_section][et_pb_section fb_built=\u00a0\u00bb1&Prime; admin_label=\u00a0\u00bbAbout\u00a0\u00bb _builder_version=\u00a0\u00bb4.27.0&Prime; background_color=\u00a0\u00bb#f7f2ed\u00a0\u00bb global_colors_info=\u00a0\u00bb{}\u00a0\u00bb][et_pb_row _builder_version=\u00a0\u00bb4.27.0&Prime; width=\u00a0\u00bb100%\u00a0\u00bb hover_enabled=\u00a0\u00bb0&Prime; global_colors_info=\u00a0\u00bb{}\u00a0\u00bb sticky_enabled=\u00a0\u00bb0&Prime;][et_pb_column type=\u00a0\u00bb4_4&Prime; _builder_version=\u00a0\u00bb4.16&Prime; custom_padding=\u00a0\u00bb|||\u00a0\u00bb global_colors_info=\u00a0\u00bb{}\u00a0\u00bb custom_padding__hover=\u00a0\u00bb|||\u00a0\u00bb][et_pb_image src=\u00a0\u00bbhttp:\/\/ekineisis.fr\/wp-content\/uploads\/2025\/06\/Tarifs-Seances.png\u00a0\u00bb alt=\u00a0\u00bbC\u00e9line EYMERY Kin\u00e9siologue Kin\u00e9siologue humaine et animale et lib\u00e9ration cranio-sacr\u00e9e\u00a0\u00bb title_text=\u00a0\u00bbC\u00e9line EYMERY Kin\u00e9siologue Kin\u00e9siologue humaine et animale et lib\u00e9ration cranio-sacr\u00e9e\u00a0\u00bb _builder_version=\u00a0\u00bb4.27.0&Prime; _module_preset=\u00a0\u00bbdefault\u00a0\u00bb hover_enabled=\u00a0\u00bb0&Prime; global_colors_info=\u00a0\u00bb{}\u00a0\u00bb sticky_enabled=\u00a0\u00bb0&Prime;][\/et_pb_image][\/et_pb_column][\/et_pb_row][\/et_pb_section]<\/p>\n","protected":false},"excerpt":{"rendered":"<p>Mes tarifs Vestibulum ac diam sit amet quam vehicula elementum sed sit amet dui.<\/p>\n","protected":false},"author":1,"featured_media":0,"parent":0,"menu_order":0,"comment_status":"closed","ping_status":"closed","template":"","meta":{"_et_pb_use_builder":"on","_et_pb_old_content":"","_et_gb_content_width":"","footnotes":""},"class_list":["post-627","page","type-page","status-publish","hentry"],"yoast_head":"<!-- This site is optimized with the Yoast SEO plugin v23.9 - https:\/\/yoast.com\/wordpress\/plugins\/seo\/ -->\n<title>Mes tarifs - EKINEISIS<\/title>\n<meta name=\"description\" content=\"Tarifs de mes diff\u00e9rentes prestations en kin\u00e9siologie : humaine, animale et lib\u00e9ration cranio-sacr\u00e9e.\" \/>\n<meta name=\"robots\" content=\"index, follow, max-snippet:-1, max-image-preview:large, max-video-preview:-1\" \/>\n<link rel=\"canonical\" href=\"https:\/\/ekineisis.fr\/index.php\/mes-tarifs\/\" \/>\n<meta property=\"og:locale\" content=\"fr_FR\" \/>\n<meta property=\"og:type\" content=\"article\" \/>\n<meta property=\"og:title\" content=\"Mes tarifs - EKINEISIS\" \/>\n<meta property=\"og:description\" content=\"Tarifs de mes diff\u00e9rentes prestations en kin\u00e9siologie : humaine, animale et lib\u00e9ration cranio-sacr\u00e9e.\" \/>\n<meta property=\"og:url\" content=\"https:\/\/ekineisis.fr\/index.php\/mes-tarifs\/\" \/>\n<meta property=\"og:site_name\" content=\"EKINEISIS\" \/>\n<meta property=\"article:modified_time\" content=\"2025-06-02T14:10:57+00:00\" \/>\n<meta name=\"twitter:card\" content=\"summary_large_image\" \/>\n<meta name=\"twitter:label1\" content=\"Dur\u00e9e de lecture estim\u00e9e\" \/>\n\t<meta name=\"twitter:data1\" content=\"1 minute\" \/>\n<script type=\"application\/ld+json\" class=\"yoast-schema-graph\">{\"@context\":\"https:\/\/schema.org\",\"@graph\":[{\"@type\":\"WebPage\",\"@id\":\"https:\/\/ekineisis.fr\/index.php\/mes-tarifs\/\",\"url\":\"https:\/\/ekineisis.fr\/index.php\/mes-tarifs\/\",\"name\":\"Mes tarifs - EKINEISIS\",\"isPartOf\":{\"@id\":\"https:\/\/ekineisis.fr\/#website\"},\"datePublished\":\"2024-12-09T12:49:03+00:00\",\"dateModified\":\"2025-06-02T14:10:57+00:00\",\"description\":\"Tarifs de mes diff\u00e9rentes prestations en kin\u00e9siologie : humaine, animale et lib\u00e9ration cranio-sacr\u00e9e.\",\"breadcrumb\":{\"@id\":\"https:\/\/ekineisis.fr\/index.php\/mes-tarifs\/#breadcrumb\"},\"inLanguage\":\"fr-FR\",\"potentialAction\":[{\"@type\":\"ReadAction\",\"target\":[\"https:\/\/ekineisis.fr\/index.php\/mes-tarifs\/\"]}]},{\"@type\":\"BreadcrumbList\",\"@id\":\"https:\/\/ekineisis.fr\/index.php\/mes-tarifs\/#breadcrumb\",\"itemListElement\":[{\"@type\":\"ListItem\",\"position\":1,\"name\":\"Accueil\",\"item\":\"https:\/\/ekineisis.fr\/\"},{\"@type\":\"ListItem\",\"position\":2,\"name\":\"Mes tarifs\"}]},{\"@type\":\"WebSite\",\"@id\":\"https:\/\/ekineisis.fr\/#website\",\"url\":\"https:\/\/ekineisis.fr\/\",\"name\":\"EKINEISIS\",\"description\":\"\",\"publisher\":{\"@id\":\"https:\/\/ekineisis.fr\/#\/schema\/person\/71a0789376085015ddc9e12fdc49001e\"},\"potentialAction\":[{\"@type\":\"SearchAction\",\"target\":{\"@type\":\"EntryPoint\",\"urlTemplate\":\"https:\/\/ekineisis.fr\/?s={search_term_string}\"},\"query-input\":{\"@type\":\"PropertyValueSpecification\",\"valueRequired\":true,\"valueName\":\"search_term_string\"}}],\"inLanguage\":\"fr-FR\"},{\"@type\":[\"Person\",\"Organization\"],\"@id\":\"https:\/\/ekineisis.fr\/#\/schema\/person\/71a0789376085015ddc9e12fdc49001e\",\"name\":\"admin5797\",\"image\":{\"@type\":\"ImageObject\",\"inLanguage\":\"fr-FR\",\"@id\":\"https:\/\/ekineisis.fr\/#\/schema\/person\/image\/\",\"url\":\"https:\/\/secure.gravatar.com\/avatar\/b9477204cc761744e70ca2f02dcf1c2c5137cbdcafa7d4792c7ef489ae7c99df?s=96&d=mm&r=g\",\"contentUrl\":\"https:\/\/secure.gravatar.com\/avatar\/b9477204cc761744e70ca2f02dcf1c2c5137cbdcafa7d4792c7ef489ae7c99df?s=96&d=mm&r=g\",\"caption\":\"admin5797\"},\"logo\":{\"@id\":\"https:\/\/ekineisis.fr\/#\/schema\/person\/image\/\"},\"sameAs\":[\"http:\/\/ekineisis.fr\"]}]}<\/script>\n<!-- \/ Yoast SEO plugin. -->","yoast_head_json":{"title":"Mes tarifs - EKINEISIS","description":"Tarifs de mes diff\u00e9rentes prestations en kin\u00e9siologie : humaine, animale et lib\u00e9ration cranio-sacr\u00e9e.","robots":{"index":"index","follow":"follow","max-snippet":"max-snippet:-1","max-image-preview":"max-image-preview:large","max-video-preview":"max-video-preview:-1"},"canonical":"https:\/\/ekineisis.fr\/index.php\/mes-tarifs\/","og_locale":"fr_FR","og_type":"article","og_title":"Mes tarifs - EKINEISIS","og_description":"Tarifs de mes diff\u00e9rentes prestations en kin\u00e9siologie : humaine, animale et lib\u00e9ration cranio-sacr\u00e9e.","og_url":"https:\/\/ekineisis.fr\/index.php\/mes-tarifs\/","og_site_name":"EKINEISIS","article_modified_time":"2025-06-02T14:10:57+00:00","twitter_card":"summary_large_image","twitter_misc":{"Dur\u00e9e de lecture estim\u00e9e":"1 minute"},"schema":{"@context":"https:\/\/schema.org","@graph":[{"@type":"WebPage","@id":"https:\/\/ekineisis.fr\/index.php\/mes-tarifs\/","url":"https:\/\/ekineisis.fr\/index.php\/mes-tarifs\/","name":"Mes tarifs - EKINEISIS","isPartOf":{"@id":"https:\/\/ekineisis.fr\/#website"},"datePublished":"2024-12-09T12:49:03+00:00","dateModified":"2025-06-02T14:10:57+00:00","description":"Tarifs de mes diff\u00e9rentes prestations en kin\u00e9siologie : humaine, animale et lib\u00e9ration cranio-sacr\u00e9e.","breadcrumb":{"@id":"https:\/\/ekineisis.fr\/index.php\/mes-tarifs\/#breadcrumb"},"inLanguage":"fr-FR","potentialAction":[{"@type":"ReadAction","target":["https:\/\/ekineisis.fr\/index.php\/mes-tarifs\/"]}]},{"@type":"BreadcrumbList","@id":"https:\/\/ekineisis.fr\/index.php\/mes-tarifs\/#breadcrumb","itemListElement":[{"@type":"ListItem","position":1,"name":"Accueil","item":"https:\/\/ekineisis.fr\/"},{"@type":"ListItem","position":2,"name":"Mes tarifs"}]},{"@type":"WebSite","@id":"https:\/\/ekineisis.fr\/#website","url":"https:\/\/ekineisis.fr\/","name":"EKINEISIS","description":"","publisher":{"@id":"https:\/\/ekineisis.fr\/#\/schema\/person\/71a0789376085015ddc9e12fdc49001e"},"potentialAction":[{"@type":"SearchAction","target":{"@type":"EntryPoint","urlTemplate":"https:\/\/ekineisis.fr\/?s={search_term_string}"},"query-input":{"@type":"PropertyValueSpecification","valueRequired":true,"valueName":"search_term_string"}}],"inLanguage":"fr-FR"},{"@type":["Person","Organization"],"@id":"https:\/\/ekineisis.fr\/#\/schema\/person\/71a0789376085015ddc9e12fdc49001e","name":"admin5797","image":{"@type":"ImageObject","inLanguage":"fr-FR","@id":"https:\/\/ekineisis.fr\/#\/schema\/person\/image\/","url":"https:\/\/secure.gravatar.com\/avatar\/b9477204cc761744e70ca2f02dcf1c2c5137cbdcafa7d4792c7ef489ae7c99df?s=96&d=mm&r=g","contentUrl":"https:\/\/secure.gravatar.com\/avatar\/b9477204cc761744e70ca2f02dcf1c2c5137cbdcafa7d4792c7ef489ae7c99df?s=96&d=mm&r=g","caption":"admin5797"},"logo":{"@id":"https:\/\/ekineisis.fr\/#\/schema\/person\/image\/"},"sameAs":["http:\/\/ekineisis.fr"]}]}},"_links":{"self":[{"href":"https:\/\/ekineisis.fr\/index.php\/wp-json\/wp\/v2\/pages\/627","targetHints":{"allow":["GET"]}}],"collection":[{"href":"https:\/\/ekineisis.fr\/index.php\/wp-json\/wp\/v2\/pages"}],"about":[{"href":"https:\/\/ekineisis.fr\/index.php\/wp-json\/wp\/v2\/types\/page"}],"author":[{"embeddable":true,"href":"https:\/\/ekineisis.fr\/index.php\/wp-json\/wp\/v2\/users\/1"}],"replies":[{"embeddable":true,"href":"https:\/\/ekineisis.fr\/index.php\/wp-json\/wp\/v2\/comments?post=627"}],"version-history":[{"count":6,"href":"https:\/\/ekineisis.fr\/index.php\/wp-json\/wp\/v2\/pages\/627\/revisions"}],"predecessor-version":[{"id":694,"href":"https:\/\/ekineisis.fr\/index.php\/wp-json\/wp\/v2\/pages\/627\/revisions\/694"}],"wp:attachment":[{"href":"https:\/\/ekineisis.fr\/index.php\/wp-json\/wp\/v2\/media?parent=627"}],"curies":[{"name":"wp","href":"https:\/\/api.w.org\/{rel}","templated":true}]}}