{"id":127,"date":"2024-09-05T17:41:13","date_gmt":"2024-09-05T15:41:13","guid":{"rendered":"https:\/\/ekineisis.fr\/?page_id=127"},"modified":"2024-12-05T17:37:19","modified_gmt":"2024-12-05T16:37:19","slug":"mentions-legales","status":"publish","type":"page","link":"https:\/\/ekineisis.fr\/index.php\/mentions-legales\/","title":{"rendered":"Mentions l\u00e9gales"},"content":{"rendered":"<p>[et_pb_section fb_built=\u00a0\u00bb1&Prime; _builder_version=\u00a0\u00bb4.27.0&Prime; _module_preset=\u00a0\u00bbdefault\u00a0\u00bb hover_enabled=\u00a0\u00bb0&Prime; global_colors_info=\u00a0\u00bb{}\u00a0\u00bb background_color=\u00a0\u00bb#aec4b4&Prime; sticky_enabled=\u00a0\u00bb0&Prime;][et_pb_row _builder_version=\u00a0\u00bb4.27.0&Prime; _module_preset=\u00a0\u00bbdefault\u00a0\u00bb][et_pb_column _builder_version=\u00a0\u00bb4.27.0&Prime; _module_preset=\u00a0\u00bbdefault\u00a0\u00bb type=\u00a0\u00bb4_4&Prime;][et_pb_heading title=\u00a0\u00bbMentions l\u00e9gales\u00a0\u00bb _builder_version=\u00a0\u00bb4.27.0&Prime; _module_preset=\u00a0\u00bbdefault\u00a0\u00bb title_text_align=\u00a0\u00bbcenter\u00a0\u00bb title_text_color=\u00a0\u00bb#FFFFFF\u00a0\u00bb title_font_size=\u00a0\u00bb52px\u00a0\u00bb title_font=\u00a0\u00bb&#8211;et_global_body_font||||||||\u00a0\u00bb hover_enabled=\u00a0\u00bb0&Prime; sticky_enabled=\u00a0\u00bb0&Prime;][\/et_pb_heading][\/et_pb_column][\/et_pb_row][et_pb_row _builder_version=\u00a0\u00bb4.27.0&Prime; _module_preset=\u00a0\u00bbdefault\u00a0\u00bb][et_pb_column _builder_version=\u00a0\u00bb4.27.0&Prime; _module_preset=\u00a0\u00bbdefault\u00a0\u00bb type=\u00a0\u00bb4_4&Prime;][et_pb_text _builder_version=\u00a0\u00bb4.27.0&Prime; _module_preset=\u00a0\u00bbdefault\u00a0\u00bb hover_enabled=\u00a0\u00bb0&Prime; sticky_enabled=\u00a0\u00bb0&Prime;]<\/p>\n<p>Le site <span><strong>eikineisis<\/strong><\/span>\u00a0est la propri\u00e9t\u00e9 exclusive <strong><span>de EI C\u00e9line Eymery,<\/span><\/strong> qui l\u2019\u00e9dite.<\/p>\n<h2>1. Pr\u00e9sentation du site :<\/h2>\n<p>Conform\u00e9ment aux dispositions des articles 6-III et 19 de la Loi n\u00b0 2004-575 du 21 juin 2004 pour la Confiance dans l\u2019\u00e9conomie num\u00e9rique, dite L.C.E.N., nous portons \u00e0 la connaissance des utilisateurs et visiteurs du site de <span><b>C\u00e9line Eymery<\/b><\/span>\u00a0informations suivantes :<\/p>\n<p>Informations l\u00e9gales :<\/p>\n<ul>\n<li>Nom de la Soci\u00e9t\u00e9 : <strong><span>EI C\u00e9line Eymery<\/span><\/strong><\/li>\n<li>Adresse : \u00a0<strong><span>59 Pl. de la Croix, 38560 Jarrie<\/span><\/strong><\/li>\n<li>T\u00e9l\u00a0 : <span><strong>07.49.05.36.19<\/strong><\/span><\/li>\n<li>Adresse de courrier \u00e9lectronique :\u00a0<a href=\"mailto:email@email.com\"><strong><span style=\"color: #ff6600;\"><\/span><\/strong><\/a><\/li>\n<\/ul>\n<p>SIRET : <span><b>En cours d&rsquo;enregistrement<\/b><\/span><\/p>\n<p>Le Cr\u00e9ateur du site est : C\u00e9line Eymery<\/p>\n<p>Le Responsable de la\u00a0 publication est : <strong><span>Eymery C\u00e9line<\/span><\/strong><br \/>Contactez le responsable de la publication :<\/p>\n<p>Le responsable de la publication est une\u00a0personne physique.<\/p>\n<p>Le Webmaster est\u00a0 :\u00a0C\u00e9line Eymery<br \/>Contactez le Webmaster :\u00a0<a href=\"mailto:rakoone.agency@gmail.com?subject=Contact%20%C3%AF%C2%BF%C2%BD%20partir%20des%20mentions%20l%C3%AF%C2%BF%C2%BDgales%20via%20le%20site%20rakoone.fr\"><\/a><br \/>L\u2019h\u00e9bergeur du site est : <strong><span>Hostinger<\/span><\/strong><\/p>\n<h2>2. Description des services fournis :<\/h2>\n<p>Le site <span><strong>Ekineisis<\/strong><\/span>\u00a0a pour objet de fournir une information concernant l\u2019ensemble des activit\u00e9s de la soci\u00e9t\u00e9.<br \/>Le propri\u00e9taire du site s\u2019efforce de fournir sur le site <span><strong>Ekineisis<\/strong><\/span>\u00a0des informations aussi pr\u00e9cises que possible. Toutefois, il ne pourra \u00eatre tenue responsable des omissions, des inexactitudes et des carences dans la mise \u00e0 jour, qu\u2019elles soient de son fait ou du fait des tiers partenaires qui lui fournissent ces informations.<br \/>Tous les informations propos\u00e9es sur le site <span><strong>www.eikineisis.fr<\/strong><\/span>\u00a0sont donn\u00e9es \u00e0 titre indicatif, sont non exhaustives, et sont susceptibles d\u2019\u00e9voluer. Elles sont donn\u00e9es sous r\u00e9serve de modifications ayant \u00e9t\u00e9 apport\u00e9es depuis leur mise en ligne.<\/p>\n<h2>3. Propri\u00e9t\u00e9 intellectuelle et contrefa\u00e7ons :<\/h2>\n<p>Le propri\u00e9taire du site est propri\u00e9taire des droits de propri\u00e9t\u00e9 intellectuelle ou d\u00e9tient les droits d\u2019usage sur tous les \u00e9l\u00e9ments accessibles sur le site, notamment les textes, images, graphismes, logo, ic\u00f4nes, sons, logiciels\u2026<br \/>Toute reproduction, repr\u00e9sentation, modification, publication, adaptation totale ou partielle des \u00e9l\u00e9ments du site, quel que soit le moyen ou le proc\u00e9d\u00e9 utilis\u00e9, est interdite, sauf autorisation \u00e9crite pr\u00e9alable \u00e0 l\u2019email :<br \/>Toute exploitation non autoris\u00e9e du site ou de l\u2019un quelconque de ces \u00e9l\u00e9ments qu\u2019il contient sera consid\u00e9r\u00e9e comme constitutive d\u2019une contrefa\u00e7on et poursuivie conform\u00e9ment aux dispositions des articles L.335-2 et suivants du Code de Propri\u00e9t\u00e9 Intellectuelle.<\/p>\n<h2>4. Liens hypertextes et cookies :<\/h2>\n<p>Le site <span strong=\"\">www.ekineisis.fr<\/span>\u00a0contient un certain nombre de liens hypertextes vers d\u2019autres sites (partenaires, informations \u2026) mis en place avec l\u2019autorisation de le propri\u00e9taire du site . Cependant, le propri\u00e9taire du site n\u2019a pas la possibilit\u00e9 de v\u00e9rifier le contenu des sites ainsi visit\u00e9s\u00a0 et d\u00e9cline donc toute responsabilit\u00e9 de ce fait quand aux risques \u00e9ventuels de contenus illicites.<\/p>\n<p>L\u2019utilisateur est inform\u00e9 que lors de ses visites sur le site <span><strong>www.ekineisis.fr<\/strong><\/span>, un ou des cookies sont susceptible de s\u2019installer automatiquement sur son ordinateur. Un cookie est un fichier de petite taille, qui ne permet pas l\u2019identification de l\u2019utilisateur, mais qui enregistre des informations relatives \u00e0 la navigation d\u2019un ordinateur sur un site. Les donn\u00e9es ainsi obtenues visent \u00e0 faciliter la navigation ult\u00e9rieure sur le site, et ont \u00e9galement vocation \u00e0 permettre diverses mesures de fr\u00e9quentation.<\/p>\n<p>Le param\u00e9trage du logiciel de navigation permet d\u2019informer de la pr\u00e9sence de cookie et \u00e9ventuellement, de refuser de la mani\u00e8re d\u00e9crite \u00e0 l\u2019adresse suivante : www.cnil.fr<br \/>Le refus d\u2019installation d\u2019un cookie peut entra\u00eener l\u2019impossibilit\u00e9 d\u2019acc\u00e9der \u00e0 certains services. L\u2019utilisateur peut toutefois configurer son ordinateur de la mani\u00e8re suivante, pour refuser l\u2019installation des cookies :<br \/>Sous Internet Explorer : onglet outil \/ options internet. Cliquez sur Confidentialit\u00e9 et choisissez Bloquer tous les cookies. Validez sur Ok.<br \/>Sous Netscape : onglet \u00e9dition \/ pr\u00e9f\u00e9rences. Cliquez sur Avanc\u00e9es et choisissez D\u00e9sactiver les cookies. Validez sur Ok.<\/p>\n<h2>5. Protection des biens et des personnes \u2013 gestion des donn\u00e9es personnelles :<\/h2>\n<p>Utilisateur : Internaute se connectant, utilisant le site susnomm\u00e9 :<\/p>\n<p>www.ekineisis.fr<\/p>\n<p>En France, les donn\u00e9es personnelles sont notamment prot\u00e9g\u00e9es par la loi n\u00b0 78-87 du 6 janvier 1978, la loi n\u00b0 2004-801 du 6 ao\u00fbt 2004, l\u2019article L. 226-13 du Code p\u00e9nal et la Directive Europ\u00e9enne du 24 octobre 1995.<\/p>\n<p>Sur le site Ekineisis, le propri\u00e9taire du site ne collecte des informations personnelles relatives \u00e0 l\u2019utilisateur que pour le besoin de certains services propos\u00e9s par le site Ekineisis. L\u2019utilisateur fournit ces informations en toute connaissance de cause, notamment lorsqu\u2019il proc\u00e8de par lui-m\u00eame \u00e0 leur saisie. Il est alors pr\u00e9cis\u00e9 \u00e0 l\u2019utilisateur du site Ekineisis l\u2019obligation ou non de fournir ces informations.<br \/>Conform\u00e9ment aux dispositions des articles 38 et suivants de la loi 78-17 du 6 janvier 1978 relative \u00e0 l\u2019informatique, aux fichiers et aux libert\u00e9s, tout utilisateur dispose d\u2019un droit d\u2019acc\u00e8s, de rectification, de suppression et d\u2019opposition aux donn\u00e9es personnelles le concernant. Pour l\u2019exercer, adressez votre demande \u00e0 C\u00e9line Eymery<span style=\"color: #ff6600;\"><b>\u00a0<\/b><\/span>par email : <span style=\"color: #ff6600;\"><b>\u00a0<\/b><\/span>ou en effectuant sa demande \u00e9crite et sign\u00e9e, accompagn\u00e9e d\u2019une copie du titre d\u2019identit\u00e9 avec signature du titulaire de la pi\u00e8ce, en pr\u00e9cisant l\u2019adresse \u00e0 laquelle la r\u00e9ponse doit \u00eatre envoy\u00e9e.<\/p>\n<p>Aucune information personnelle de l\u2019utilisateur du site Ekineisis n\u2019est publi\u00e9e \u00e0 l\u2019insu de l\u2019utilisateur, \u00e9chang\u00e9e, transf\u00e9r\u00e9e, c\u00e9d\u00e9e ou vendue sur un support quelconque \u00e0 des tiers. Seule l\u2019hypoth\u00e8se du rachat du site au propri\u00e9taire du site et de ses droits permettrait la transmission des dites informations \u00e0 l\u2019\u00e9ventuel acqu\u00e9reur qui serait \u00e0 son tour tenu de la m\u00eame obligation de conservation et de modification des donn\u00e9es vis \u00e0 vis de l\u2019utilisateur du site Ekineisis.<\/p>\n<p>Le site www.ekineisis.fr\u00a0est en conformit\u00e9 avec le RGPD voir<span><strong> notre politique RGPD <a href=\"https:\/\/cindylm.fr\/politique-de-confidentialite-des-donnees-personnelles\/\">(lien vers page)<\/a><\/strong><\/span><\/p>\n<p>Les bases de donn\u00e9es sont prot\u00e9g\u00e9es par les dispositions de la loi du 1er juillet 1998 transposant la directive 96\/9 du 11 mars 1996 relative \u00e0 la protection juridique des bases de donn\u00e9es.cindy<\/p>\n<p>[\/et_pb_text][\/et_pb_column][\/et_pb_row][\/et_pb_section]<\/p>\n","protected":false},"excerpt":{"rendered":"<p>Le site eikineisis\u00a0est la propri\u00e9t\u00e9 exclusive de EI C\u00e9line Eymery, qui l\u2019\u00e9dite. 1. Pr\u00e9sentation du site : Conform\u00e9ment aux dispositions des articles 6-III et 19 de la Loi n\u00b0 2004-575 du 21 juin 2004 pour la Confiance dans l\u2019\u00e9conomie num\u00e9rique, dite L.C.E.N., nous portons \u00e0 la connaissance des utilisateurs et visiteurs du site de C\u00e9line [&hellip;]<\/p>\n","protected":false},"author":1,"featured_media":0,"parent":0,"menu_order":0,"comment_status":"closed","ping_status":"closed","template":"","meta":{"_et_pb_use_builder":"on","_et_pb_old_content":"","_et_gb_content_width":"","footnotes":""},"class_list":["post-127","page","type-page","status-publish","hentry"],"yoast_head":"<!-- This site is optimized with the Yoast SEO plugin v23.9 - https:\/\/yoast.com\/wordpress\/plugins\/seo\/ -->\n<title>Mentions l\u00e9gales - EKINEISIS<\/title>\n<meta name=\"robots\" content=\"index, follow, max-snippet:-1, max-image-preview:large, max-video-preview:-1\" \/>\n<link rel=\"canonical\" href=\"https:\/\/ekineisis.fr\/index.php\/mentions-legales\/\" \/>\n<meta property=\"og:locale\" content=\"fr_FR\" \/>\n<meta property=\"og:type\" content=\"article\" \/>\n<meta property=\"og:title\" content=\"Mentions l\u00e9gales - EKINEISIS\" \/>\n<meta property=\"og:description\" content=\"Le site eikineisis\u00a0est la propri\u00e9t\u00e9 exclusive de EI C\u00e9line Eymery, qui l\u2019\u00e9dite. 1. Pr\u00e9sentation du site : Conform\u00e9ment aux dispositions des articles 6-III et 19 de la Loi n\u00b0 2004-575 du 21 juin 2004 pour la Confiance dans l\u2019\u00e9conomie num\u00e9rique, dite L.C.E.N., nous portons \u00e0 la connaissance des utilisateurs et visiteurs du site de C\u00e9line [&hellip;]\" \/>\n<meta property=\"og:url\" content=\"https:\/\/ekineisis.fr\/index.php\/mentions-legales\/\" \/>\n<meta property=\"og:site_name\" content=\"EKINEISIS\" \/>\n<meta property=\"article:modified_time\" content=\"2024-12-05T16:37:19+00:00\" \/>\n<meta name=\"twitter:card\" content=\"summary_large_image\" \/>\n<meta name=\"twitter:label1\" content=\"Dur\u00e9e de lecture estim\u00e9e\" \/>\n\t<meta name=\"twitter:data1\" content=\"6 minutes\" \/>\n<script type=\"application\/ld+json\" class=\"yoast-schema-graph\">{\"@context\":\"https:\/\/schema.org\",\"@graph\":[{\"@type\":\"WebPage\",\"@id\":\"https:\/\/ekineisis.fr\/index.php\/mentions-legales\/\",\"url\":\"https:\/\/ekineisis.fr\/index.php\/mentions-legales\/\",\"name\":\"Mentions l\u00e9gales - EKINEISIS\",\"isPartOf\":{\"@id\":\"https:\/\/ekineisis.fr\/#website\"},\"datePublished\":\"2024-09-05T15:41:13+00:00\",\"dateModified\":\"2024-12-05T16:37:19+00:00\",\"breadcrumb\":{\"@id\":\"https:\/\/ekineisis.fr\/index.php\/mentions-legales\/#breadcrumb\"},\"inLanguage\":\"fr-FR\",\"potentialAction\":[{\"@type\":\"ReadAction\",\"target\":[\"https:\/\/ekineisis.fr\/index.php\/mentions-legales\/\"]}]},{\"@type\":\"BreadcrumbList\",\"@id\":\"https:\/\/ekineisis.fr\/index.php\/mentions-legales\/#breadcrumb\",\"itemListElement\":[{\"@type\":\"ListItem\",\"position\":1,\"name\":\"Accueil\",\"item\":\"https:\/\/ekineisis.fr\/\"},{\"@type\":\"ListItem\",\"position\":2,\"name\":\"Mentions l\u00e9gales\"}]},{\"@type\":\"WebSite\",\"@id\":\"https:\/\/ekineisis.fr\/#website\",\"url\":\"https:\/\/ekineisis.fr\/\",\"name\":\"EKINEISIS\",\"description\":\"\",\"publisher\":{\"@id\":\"https:\/\/ekineisis.fr\/#\/schema\/person\/71a0789376085015ddc9e12fdc49001e\"},\"potentialAction\":[{\"@type\":\"SearchAction\",\"target\":{\"@type\":\"EntryPoint\",\"urlTemplate\":\"https:\/\/ekineisis.fr\/?s={search_term_string}\"},\"query-input\":{\"@type\":\"PropertyValueSpecification\",\"valueRequired\":true,\"valueName\":\"search_term_string\"}}],\"inLanguage\":\"fr-FR\"},{\"@type\":[\"Person\",\"Organization\"],\"@id\":\"https:\/\/ekineisis.fr\/#\/schema\/person\/71a0789376085015ddc9e12fdc49001e\",\"name\":\"admin5797\",\"image\":{\"@type\":\"ImageObject\",\"inLanguage\":\"fr-FR\",\"@id\":\"https:\/\/ekineisis.fr\/#\/schema\/person\/image\/\",\"url\":\"https:\/\/secure.gravatar.com\/avatar\/b9477204cc761744e70ca2f02dcf1c2c5137cbdcafa7d4792c7ef489ae7c99df?s=96&d=mm&r=g\",\"contentUrl\":\"https:\/\/secure.gravatar.com\/avatar\/b9477204cc761744e70ca2f02dcf1c2c5137cbdcafa7d4792c7ef489ae7c99df?s=96&d=mm&r=g\",\"caption\":\"admin5797\"},\"logo\":{\"@id\":\"https:\/\/ekineisis.fr\/#\/schema\/person\/image\/\"},\"sameAs\":[\"http:\/\/ekineisis.fr\"]}]}<\/script>\n<!-- \/ Yoast SEO plugin. -->","yoast_head_json":{"title":"Mentions l\u00e9gales - EKINEISIS","robots":{"index":"index","follow":"follow","max-snippet":"max-snippet:-1","max-image-preview":"max-image-preview:large","max-video-preview":"max-video-preview:-1"},"canonical":"https:\/\/ekineisis.fr\/index.php\/mentions-legales\/","og_locale":"fr_FR","og_type":"article","og_title":"Mentions l\u00e9gales - EKINEISIS","og_description":"Le site eikineisis\u00a0est la propri\u00e9t\u00e9 exclusive de EI C\u00e9line Eymery, qui l\u2019\u00e9dite. 1. Pr\u00e9sentation du site : Conform\u00e9ment aux dispositions des articles 6-III et 19 de la Loi n\u00b0 2004-575 du 21 juin 2004 pour la Confiance dans l\u2019\u00e9conomie num\u00e9rique, dite L.C.E.N., nous portons \u00e0 la connaissance des utilisateurs et visiteurs du site de C\u00e9line [&hellip;]","og_url":"https:\/\/ekineisis.fr\/index.php\/mentions-legales\/","og_site_name":"EKINEISIS","article_modified_time":"2024-12-05T16:37:19+00:00","twitter_card":"summary_large_image","twitter_misc":{"Dur\u00e9e de lecture estim\u00e9e":"6 minutes"},"schema":{"@context":"https:\/\/schema.org","@graph":[{"@type":"WebPage","@id":"https:\/\/ekineisis.fr\/index.php\/mentions-legales\/","url":"https:\/\/ekineisis.fr\/index.php\/mentions-legales\/","name":"Mentions l\u00e9gales - EKINEISIS","isPartOf":{"@id":"https:\/\/ekineisis.fr\/#website"},"datePublished":"2024-09-05T15:41:13+00:00","dateModified":"2024-12-05T16:37:19+00:00","breadcrumb":{"@id":"https:\/\/ekineisis.fr\/index.php\/mentions-legales\/#breadcrumb"},"inLanguage":"fr-FR","potentialAction":[{"@type":"ReadAction","target":["https:\/\/ekineisis.fr\/index.php\/mentions-legales\/"]}]},{"@type":"BreadcrumbList","@id":"https:\/\/ekineisis.fr\/index.php\/mentions-legales\/#breadcrumb","itemListElement":[{"@type":"ListItem","position":1,"name":"Accueil","item":"https:\/\/ekineisis.fr\/"},{"@type":"ListItem","position":2,"name":"Mentions l\u00e9gales"}]},{"@type":"WebSite","@id":"https:\/\/ekineisis.fr\/#website","url":"https:\/\/ekineisis.fr\/","name":"EKINEISIS","description":"","publisher":{"@id":"https:\/\/ekineisis.fr\/#\/schema\/person\/71a0789376085015ddc9e12fdc49001e"},"potentialAction":[{"@type":"SearchAction","target":{"@type":"EntryPoint","urlTemplate":"https:\/\/ekineisis.fr\/?s={search_term_string}"},"query-input":{"@type":"PropertyValueSpecification","valueRequired":true,"valueName":"search_term_string"}}],"inLanguage":"fr-FR"},{"@type":["Person","Organization"],"@id":"https:\/\/ekineisis.fr\/#\/schema\/person\/71a0789376085015ddc9e12fdc49001e","name":"admin5797","image":{"@type":"ImageObject","inLanguage":"fr-FR","@id":"https:\/\/ekineisis.fr\/#\/schema\/person\/image\/","url":"https:\/\/secure.gravatar.com\/avatar\/b9477204cc761744e70ca2f02dcf1c2c5137cbdcafa7d4792c7ef489ae7c99df?s=96&d=mm&r=g","contentUrl":"https:\/\/secure.gravatar.com\/avatar\/b9477204cc761744e70ca2f02dcf1c2c5137cbdcafa7d4792c7ef489ae7c99df?s=96&d=mm&r=g","caption":"admin5797"},"logo":{"@id":"https:\/\/ekineisis.fr\/#\/schema\/person\/image\/"},"sameAs":["http:\/\/ekineisis.fr"]}]}},"_links":{"self":[{"href":"https:\/\/ekineisis.fr\/index.php\/wp-json\/wp\/v2\/pages\/127","targetHints":{"allow":["GET"]}}],"collection":[{"href":"https:\/\/ekineisis.fr\/index.php\/wp-json\/wp\/v2\/pages"}],"about":[{"href":"https:\/\/ekineisis.fr\/index.php\/wp-json\/wp\/v2\/types\/page"}],"author":[{"embeddable":true,"href":"https:\/\/ekineisis.fr\/index.php\/wp-json\/wp\/v2\/users\/1"}],"replies":[{"embeddable":true,"href":"https:\/\/ekineisis.fr\/index.php\/wp-json\/wp\/v2\/comments?post=127"}],"version-history":[{"count":3,"href":"https:\/\/ekineisis.fr\/index.php\/wp-json\/wp\/v2\/pages\/127\/revisions"}],"predecessor-version":[{"id":277,"href":"https:\/\/ekineisis.fr\/index.php\/wp-json\/wp\/v2\/pages\/127\/revisions\/277"}],"wp:attachment":[{"href":"https:\/\/ekineisis.fr\/index.php\/wp-json\/wp\/v2\/media?parent=127"}],"curies":[{"name":"wp","href":"https:\/\/api.w.org\/{rel}","templated":true}]}}